{"id":8,"date":"2023-05-31T12:02:22","date_gmt":"2023-05-31T12:02:22","guid":{"rendered":"https:\/\/web.rkinformatika.net\/piensoalonso\/?page_id=8"},"modified":"2023-06-08T10:11:06","modified_gmt":"2023-06-08T10:11:06","slug":"servicio","status":"publish","type":"page","link":"https:\/\/piensosalonso.net\/pt\/servicio\/","title":{"rendered":"Servi\u00e7o"},"content":{"rendered":"<div data-elementor-type=\"wp-page\" data-elementor-id=\"8\" class=\"elementor elementor-8\" data-elementor-post-type=\"page\">\n\t\t\t\t\t\t<section class=\"elementor-section elementor-top-section elementor-element elementor-element-33340528 elementor-section-full_width elementor-section-height-default elementor-section-height-default\" data-id=\"33340528\" data-element_type=\"section\" data-e-type=\"section\" data-settings=\"{&quot;background_background&quot;:&quot;classic&quot;,&quot;shape_divider_bottom&quot;:&quot;triangle-asymmetrical&quot;}\">\n\t\t\t\t\t\t\t<div class=\"elementor-background-overlay\"><\/div>\n\t\t\t\t\t\t<div class=\"elementor-shape elementor-shape-bottom\" aria-hidden=\"true\" data-negative=\"false\">\n\t\t\t<svg xmlns=\"http:\/\/www.w3.org\/2000\/svg\" viewbox=\"0 0 1000 100\" preserveaspectratio=\"none\">\n\t<path class=\"elementor-shape-fill\" d=\"M738,99l262-93V0H0v5.6L738,99z\"\/>\n<\/svg>\t\t<\/div>\n\t\t\t\t\t<div class=\"elementor-container elementor-column-gap-default\">\n\t\t\t\t\t<div class=\"elementor-column elementor-col-100 elementor-top-column elementor-element elementor-element-4768d305\" data-id=\"4768d305\" data-element_type=\"column\" data-e-type=\"column\">\n\t\t\t<div class=\"elementor-widget-wrap elementor-element-populated\">\n\t\t\t\t\t\t<section class=\"elementor-section elementor-inner-section elementor-element elementor-element-3354f222 elementor-section-content-middle elementor-section-boxed elementor-section-height-default elementor-section-height-default\" data-id=\"3354f222\" data-element_type=\"section\" data-e-type=\"section\">\n\t\t\t\t\t\t<div class=\"elementor-container elementor-column-gap-wider\">\n\t\t\t\t\t<div class=\"elementor-column elementor-col-100 elementor-inner-column elementor-element elementor-element-29a15b55\" data-id=\"29a15b55\" data-element_type=\"column\" data-e-type=\"column\" data-settings=\"{&quot;background_background&quot;:&quot;classic&quot;}\">\n\t\t\t<div class=\"elementor-widget-wrap\">\n\t\t\t\t\t\t\t<\/div>\n\t\t<\/div>\n\t\t\t\t\t<\/div>\n\t\t<\/section>\n\t\t\t\t\t<\/div>\n\t\t<\/div>\n\t\t\t\t\t<\/div>\n\t\t<\/section>\n\t\t\t\t<section class=\"elementor-section elementor-top-section elementor-element elementor-element-3f7b6a26 elementor-section-boxed elementor-section-height-default elementor-section-height-default\" data-id=\"3f7b6a26\" data-element_type=\"section\" data-e-type=\"section\">\n\t\t\t\t\t\t<div class=\"elementor-container elementor-column-gap-default\">\n\t\t\t\t\t<div class=\"elementor-column elementor-col-100 elementor-top-column elementor-element elementor-element-54f5f413\" data-id=\"54f5f413\" data-element_type=\"column\" data-e-type=\"column\">\n\t\t\t<div class=\"elementor-widget-wrap elementor-element-populated\">\n\t\t\t\t\t\t<section class=\"elementor-section elementor-inner-section elementor-element elementor-element-2fa688ad elementor-section-boxed elementor-section-height-default elementor-section-height-default\" data-id=\"2fa688ad\" data-element_type=\"section\" data-e-type=\"section\">\n\t\t\t\t\t\t<div class=\"elementor-container elementor-column-gap-default\">\n\t\t\t\t\t<div class=\"elementor-column elementor-col-50 elementor-inner-column elementor-element elementor-element-1681c145\" data-id=\"1681c145\" data-element_type=\"column\" data-e-type=\"column\">\n\t\t\t<div class=\"elementor-widget-wrap elementor-element-populated\">\n\t\t\t\t\t\t<div class=\"elementor-element elementor-element-5b47478 elementor-widget elementor-widget-heading\" data-id=\"5b47478\" data-element_type=\"widget\" data-e-type=\"widget\" data-widget_type=\"heading.default\">\n\t\t\t\t<div class=\"elementor-widget-container\">\n\t\t\t\t\t<p class=\"elementor-heading-title elementor-size-default\">Productos<\/p>\t\t\t\t<\/div>\n\t\t\t\t<\/div>\n\t\t\t\t<div class=\"elementor-element elementor-element-5e52e5dc elementor-widget elementor-widget-heading\" data-id=\"5e52e5dc\" data-element_type=\"widget\" data-e-type=\"widget\" data-widget_type=\"heading.default\">\n\t\t\t\t<div class=\"elementor-widget-container\">\n\t\t\t\t\t<h2 class=\"elementor-heading-title elementor-size-default\">Conoce nuestros<br>articulos<\/h2>\t\t\t\t<\/div>\n\t\t\t\t<\/div>\n\t\t\t\t<div class=\"elementor-element elementor-element-6af1f631 elementor-widget elementor-widget-text-editor\" data-id=\"6af1f631\" data-element_type=\"widget\" data-e-type=\"widget\" data-widget_type=\"text-editor.default\">\n\t\t\t\t<div class=\"elementor-widget-container\">\n\t\t\t\t\t\t\t\t\t<p>Abono y pienso son elementos esenciales para la agricultura,\u00a0 alimentaci\u00f3n y cuidado de los animales.\u00a0 El abono fertiliza la tierra para el crecimiento de cultivos que sirven como alimento para los animales. El pienso es una mezcla de cereales, prote\u00ednas, minerales y vitaminas necesarias para el crecimiento y la salud animal. Cada uno siendo indispensable para la producci\u00f3n animal y agr\u00edcola, deben ser usados de forma correcta para lograr los mejores resultados.<\/p>\t\t\t\t\t\t\t\t<\/div>\n\t\t\t\t<\/div>\n\t\t\t\t<div class=\"elementor-element elementor-element-513eb02c elementor-widget elementor-widget-toggle\" data-id=\"513eb02c\" data-element_type=\"widget\" data-e-type=\"widget\" data-widget_type=\"toggle.default\">\n\t\t\t\t<div class=\"elementor-widget-container\">\n\t\t\t\t\t\t\t<div class=\"elementor-toggle\">\n\t\t\t\t\t\t\t<div class=\"elementor-toggle-item\">\n\t\t\t\t\t<div id=\"elementor-tab-title-1361\" class=\"elementor-tab-title\" data-tab=\"1\" role=\"button\" aria-controls=\"elementor-tab-content-1361\" aria-expanded=\"false\">\n\t\t\t\t\t\t\t\t\t\t\t\t<span class=\"elementor-toggle-icon elementor-toggle-icon-left\" aria-hidden=\"true\">\n\t\t\t\t\t\t\t\t\t\t\t\t\t\t\t<span class=\"elementor-toggle-icon-closed\"><i class=\"fas fa-chevron-down\"><\/i><\/span>\n\t\t\t\t\t\t\t\t<span class=\"elementor-toggle-icon-opened\"><i class=\"elementor-toggle-icon-opened fas fa-chevron-up\"><\/i><\/span>\n\t\t\t\t\t\t\t\t\t\t\t\t\t<\/span>\n\t\t\t\t\t\t\t\t\t\t\t\t<a class=\"elementor-toggle-title\" tabindex=\"0\">Tipos de Piensos<\/a>\n\t\t\t\t\t<\/div>\n\n\t\t\t\t\t<div id=\"elementor-tab-content-1361\" class=\"elementor-tab-content elementor-clearfix\" data-tab=\"1\" role=\"region\" aria-labelledby=\"elementor-tab-title-1361\"><p>Disponemos de todo tipo de pienso para sus animales, como: ganado vacuno, equino, ovino, porcino, aves de corral, conejos, mascotas y dem\u00e1s.<\/p><\/div>\n\t\t\t\t<\/div>\n\t\t\t\t\t\t\t<div class=\"elementor-toggle-item\">\n\t\t\t\t\t<div id=\"elementor-tab-title-1362\" class=\"elementor-tab-title\" data-tab=\"2\" role=\"button\" aria-controls=\"elementor-tab-content-1362\" aria-expanded=\"false\">\n\t\t\t\t\t\t\t\t\t\t\t\t<span class=\"elementor-toggle-icon elementor-toggle-icon-left\" aria-hidden=\"true\">\n\t\t\t\t\t\t\t\t\t\t\t\t\t\t\t<span class=\"elementor-toggle-icon-closed\"><i class=\"fas fa-chevron-down\"><\/i><\/span>\n\t\t\t\t\t\t\t\t<span class=\"elementor-toggle-icon-opened\"><i class=\"elementor-toggle-icon-opened fas fa-chevron-up\"><\/i><\/span>\n\t\t\t\t\t\t\t\t\t\t\t\t\t<\/span>\n\t\t\t\t\t\t\t\t\t\t\t\t<a class=\"elementor-toggle-title\" tabindex=\"0\">Abonos y m\u00e1s<\/a>\n\t\t\t\t\t<\/div>\n\n\t\t\t\t\t<div id=\"elementor-tab-content-1362\" class=\"elementor-tab-content elementor-clearfix\" data-tab=\"2\" role=\"region\" aria-labelledby=\"elementor-tab-title-1362\"><p>Comercializamos abonos, sustratos y fitosanitratos. Todo lo que necesitas para que el cuidado y protecci\u00f3n de tu huerta.\u00a0<\/p><\/div>\n\t\t\t\t<\/div>\n\t\t\t\t\t\t\t<div class=\"elementor-toggle-item\">\n\t\t\t\t\t<div id=\"elementor-tab-title-1363\" class=\"elementor-tab-title\" data-tab=\"3\" role=\"button\" aria-controls=\"elementor-tab-content-1363\" aria-expanded=\"false\">\n\t\t\t\t\t\t\t\t\t\t\t\t<span class=\"elementor-toggle-icon elementor-toggle-icon-left\" aria-hidden=\"true\">\n\t\t\t\t\t\t\t\t\t\t\t\t\t\t\t<span class=\"elementor-toggle-icon-closed\"><i class=\"fas fa-chevron-down\"><\/i><\/span>\n\t\t\t\t\t\t\t\t<span class=\"elementor-toggle-icon-opened\"><i class=\"elementor-toggle-icon-opened fas fa-chevron-up\"><\/i><\/span>\n\t\t\t\t\t\t\t\t\t\t\t\t\t<\/span>\n\t\t\t\t\t\t\t\t\t\t\t\t<a class=\"elementor-toggle-title\" tabindex=\"0\">Localidad<\/a>\n\t\t\t\t\t<\/div>\n\n\t\t\t\t\t<div id=\"elementor-tab-content-1363\" class=\"elementor-tab-content elementor-clearfix\" data-tab=\"3\" role=\"region\" aria-labelledby=\"elementor-tab-title-1363\"><p>Ubicados en Gernika donde ofrecemos venta directa, adem\u00e1s servimos a Busturialdea, Mungialdea y zonas lim\u00edtrofes\u00a0<\/p><\/div>\n\t\t\t\t<\/div>\n\t\t\t\t\t\t\t\t<\/div>\n\t\t\t\t\t\t<\/div>\n\t\t\t\t<\/div>\n\t\t\t\t\t<\/div>\n\t\t<\/div>\n\t\t\t\t<div class=\"elementor-column elementor-col-50 elementor-inner-column elementor-element elementor-element-640b47e7\" data-id=\"640b47e7\" data-element_type=\"column\" data-e-type=\"column\">\n\t\t\t<div class=\"elementor-widget-wrap elementor-element-populated\">\n\t\t\t\t\t\t<div class=\"elementor-element elementor-element-212666d elementor-widget__width-initial elementor-widget-mobile__width-initial elementor-position-top elementor-widget elementor-widget-image-box\" data-id=\"212666d\" data-element_type=\"widget\" data-e-type=\"widget\" data-widget_type=\"image-box.default\">\n\t\t\t\t<div class=\"elementor-widget-container\">\n\t\t\t\t\t<div class=\"elementor-image-box-wrapper\"><figure class=\"elementor-image-box-img\"><img fetchpriority=\"high\" decoding=\"async\" width=\"256\" height=\"256\" src=\"https:\/\/piensosalonso.net\/wp-content\/uploads\/2023\/05\/Farmer256px.jpg\" class=\"attachment-full size-full wp-image-204\" alt=\"\" srcset=\"https:\/\/piensosalonso.net\/wp-content\/uploads\/2023\/05\/Farmer256px.jpg 256w, https:\/\/piensosalonso.net\/wp-content\/uploads\/2023\/05\/Farmer256px-150x150.jpg 150w\" sizes=\"(max-width: 256px) 100vw, 256px\" \/><\/figure><div class=\"elementor-image-box-content\"><h3 class=\"elementor-image-box-title\">Atenci\u00f3n y Calidad<\/h3><p class=\"elementor-image-box-description\">Productos para dar lo mejor a tus animales y a la huerta.<\/p><\/div><\/div>\t\t\t\t<\/div>\n\t\t\t\t<\/div>\n\t\t\t\t<div class=\"elementor-element elementor-element-3f70e3b9 elementor-widget__width-initial elementor-widget-mobile__width-initial elementor-position-top elementor-widget elementor-widget-image-box\" data-id=\"3f70e3b9\" data-element_type=\"widget\" data-e-type=\"widget\" data-widget_type=\"image-box.default\">\n\t\t\t\t<div class=\"elementor-widget-container\">\n\t\t\t\t\t<div class=\"elementor-image-box-wrapper\"><figure class=\"elementor-image-box-img\"><img decoding=\"async\" width=\"256\" height=\"256\" src=\"https:\/\/piensosalonso.net\/wp-content\/uploads\/2023\/05\/plant.jpg\" class=\"attachment-full size-full wp-image-137\" alt=\"\" srcset=\"https:\/\/piensosalonso.net\/wp-content\/uploads\/2023\/05\/plant.jpg 256w, https:\/\/piensosalonso.net\/wp-content\/uploads\/2023\/05\/plant-150x150.jpg 150w, https:\/\/piensosalonso.net\/wp-content\/uploads\/2023\/05\/plant-100x100.jpg 100w\" sizes=\"(max-width: 256px) 100vw, 256px\" \/><\/figure><div class=\"elementor-image-box-content\"><h3 class=\"elementor-image-box-title\">Abonos<\/h3><p class=\"elementor-image-box-description\">Cuidado y salud de la tierra con fertilizantes de calidad<\/p><\/div><\/div>\t\t\t\t<\/div>\n\t\t\t\t<\/div>\n\t\t\t\t<div class=\"elementor-element elementor-element-7ba1bd1c elementor-widget__width-initial elementor-widget-mobile__width-initial elementor-position-top elementor-widget elementor-widget-image-box\" data-id=\"7ba1bd1c\" data-element_type=\"widget\" data-e-type=\"widget\" data-widget_type=\"image-box.default\">\n\t\t\t\t<div class=\"elementor-widget-container\">\n\t\t\t\t\t<div class=\"elementor-image-box-wrapper\"><figure class=\"elementor-image-box-img\"><img decoding=\"async\" width=\"256\" height=\"256\" src=\"https:\/\/piensosalonso.net\/wp-content\/uploads\/2023\/05\/home-1.jpg\" class=\"attachment-full size-full wp-image-134\" alt=\"\" srcset=\"https:\/\/piensosalonso.net\/wp-content\/uploads\/2023\/05\/home-1.jpg 256w, https:\/\/piensosalonso.net\/wp-content\/uploads\/2023\/05\/home-1-150x150.jpg 150w, https:\/\/piensosalonso.net\/wp-content\/uploads\/2023\/05\/home-1-100x100.jpg 100w\" sizes=\"(max-width: 256px) 100vw, 256px\" \/><\/figure><div class=\"elementor-image-box-content\"><h3 class=\"elementor-image-box-title\">Piensos<\/h3><p class=\"elementor-image-box-description\">Alimentaci\u00f3n, crecimiento y cuidado de los animales<\/p><\/div><\/div>\t\t\t\t<\/div>\n\t\t\t\t<\/div>\n\t\t\t\t\t<\/div>\n\t\t<\/div>\n\t\t\t\t\t<\/div>\n\t\t<\/section>\n\t\t\t\t\t<\/div>\n\t\t<\/div>\n\t\t\t\t\t<\/div>\n\t\t<\/section>\n\t\t\t\t<section class=\"elementor-section elementor-top-section elementor-element elementor-element-5817b26d elementor-section-full_width elementor-section-height-default elementor-section-height-default\" data-id=\"5817b26d\" data-element_type=\"section\" data-e-type=\"section\">\n\t\t\t\t\t\t<div class=\"elementor-container elementor-column-gap-default\">\n\t\t\t\t\t<div class=\"elementor-column elementor-col-50 elementor-top-column elementor-element elementor-element-1cb2b623 elementor-hidden-phone\" data-id=\"1cb2b623\" data-element_type=\"column\" data-e-type=\"column\" data-settings=\"{&quot;background_background&quot;:&quot;classic&quot;}\">\n\t\t\t<div class=\"elementor-widget-wrap\">\n\t\t\t\t\t\t\t<\/div>\n\t\t<\/div>\n\t\t\t\t<div class=\"elementor-column elementor-col-50 elementor-top-column elementor-element elementor-element-1d850238\" data-id=\"1d850238\" data-element_type=\"column\" data-e-type=\"column\" data-settings=\"{&quot;background_background&quot;:&quot;gradient&quot;}\">\n\t\t\t<div class=\"elementor-widget-wrap elementor-element-populated\">\n\t\t\t\t\t\t<div class=\"elementor-element elementor-element-51e1bbaf elementor-widget elementor-widget-heading\" data-id=\"51e1bbaf\" data-element_type=\"widget\" data-e-type=\"widget\" data-widget_type=\"heading.default\">\n\t\t\t\t<div class=\"elementor-widget-container\">\n\t\t\t\t\t<h2 class=\"elementor-heading-title elementor-size-default\">sobre nosotros<\/h2>\t\t\t\t<\/div>\n\t\t\t\t<\/div>\n\t\t\t\t<div class=\"elementor-element elementor-element-7662a38b elementor-widget elementor-widget-text-editor\" data-id=\"7662a38b\" data-element_type=\"widget\" data-e-type=\"widget\" data-widget_type=\"text-editor.default\">\n\t\t\t\t<div class=\"elementor-widget-container\">\n\t\t\t\t\t\t\t\t\t<p>Nuestro servicio y atenci\u00f3n a los clientes son nuestro motor y la raz\u00f3n por que seguimos a lo largo de los a\u00f1os entregando lo mejor<\/p>\t\t\t\t\t\t\t\t<\/div>\n\t\t\t\t<\/div>\n\t\t\t\t\t<\/div>\n\t\t<\/div>\n\t\t\t\t\t<\/div>\n\t\t<\/section>\n\t\t\t\t<\/div>","protected":false},"excerpt":{"rendered":"<p>Productos Conoce nuestrosarticulos Abono y pienso son elementos esenciales para la agricultura,\u00a0 alimentaci\u00f3n y cuidado de los animales.\u00a0 El abono fertiliza la tierra para el crecimiento de cultivos que sirven como alimento para los animales. El pienso es una mezcla de cereales, prote\u00ednas, minerales y vitaminas necesarias para el crecimiento y la salud animal. Cada [&hellip;]<\/p>\n","protected":false},"author":1,"featured_media":0,"parent":0,"menu_order":0,"comment_status":"closed","ping_status":"closed","template":"elementor_canvas","meta":{"footnotes":""},"class_list":["post-8","page","type-page","status-publish","hentry"],"yoast_head":"<!-- This site is optimized with the Yoast SEO plugin v27.4 - https:\/\/yoast.com\/product\/yoast-seo-wordpress\/ -->\n<title>Servicio - Pienso Alonso<\/title>\n<meta name=\"robots\" content=\"index, follow, max-snippet:-1, max-image-preview:large, max-video-preview:-1\" \/>\n<link rel=\"canonical\" href=\"https:\/\/piensosalonso.net\/pt\/servicio\/\" \/>\n<meta property=\"og:locale\" content=\"pt_PT\" \/>\n<meta property=\"og:type\" content=\"article\" \/>\n<meta property=\"og:title\" content=\"Servicio - Pienso Alonso\" \/>\n<meta property=\"og:description\" content=\"Productos Conoce nuestrosarticulos Abono y pienso son elementos esenciales para la agricultura,\u00a0 alimentaci\u00f3n y cuidado de los animales.\u00a0 El abono fertiliza la tierra para el crecimiento de cultivos que sirven como alimento para los animales. El pienso es una mezcla de cereales, prote\u00ednas, minerales y vitaminas necesarias para el crecimiento y la salud animal. Cada [&hellip;]\" \/>\n<meta property=\"og:url\" content=\"https:\/\/piensosalonso.net\/pt\/servicio\/\" \/>\n<meta property=\"og:site_name\" content=\"Pienso Alonso\" \/>\n<meta property=\"article:modified_time\" content=\"2023-06-08T10:11:06+00:00\" \/>\n<meta property=\"og:image\" content=\"https:\/\/piensosalonso.net\/wp-content\/uploads\/2023\/05\/Farmer256px.jpg\" \/>\n<meta name=\"twitter:card\" content=\"summary_large_image\" \/>\n<meta name=\"twitter:label1\" content=\"Tempo estimado de leitura\" \/>\n\t<meta name=\"twitter:data1\" content=\"2 minutos\" \/>\n<script type=\"application\/ld+json\" class=\"yoast-schema-graph\">{\"@context\":\"https:\\\/\\\/schema.org\",\"@graph\":[{\"@type\":\"WebPage\",\"@id\":\"https:\\\/\\\/piensosalonso.net\\\/servicio\\\/\",\"url\":\"https:\\\/\\\/piensosalonso.net\\\/servicio\\\/\",\"name\":\"Servicio - Pienso Alonso\",\"isPartOf\":{\"@id\":\"https:\\\/\\\/piensosalonso.net\\\/#website\"},\"primaryImageOfPage\":{\"@id\":\"https:\\\/\\\/piensosalonso.net\\\/servicio\\\/#primaryimage\"},\"image\":{\"@id\":\"https:\\\/\\\/piensosalonso.net\\\/servicio\\\/#primaryimage\"},\"thumbnailUrl\":\"https:\\\/\\\/piensosalonso.net\\\/wp-content\\\/uploads\\\/2023\\\/05\\\/Farmer256px.jpg\",\"datePublished\":\"2023-05-31T12:02:22+00:00\",\"dateModified\":\"2023-06-08T10:11:06+00:00\",\"breadcrumb\":{\"@id\":\"https:\\\/\\\/piensosalonso.net\\\/servicio\\\/#breadcrumb\"},\"inLanguage\":\"pt-PT\",\"potentialAction\":[{\"@type\":\"ReadAction\",\"target\":[\"https:\\\/\\\/piensosalonso.net\\\/servicio\\\/\"]}]},{\"@type\":\"ImageObject\",\"inLanguage\":\"pt-PT\",\"@id\":\"https:\\\/\\\/piensosalonso.net\\\/servicio\\\/#primaryimage\",\"url\":\"https:\\\/\\\/piensosalonso.net\\\/wp-content\\\/uploads\\\/2023\\\/05\\\/Farmer256px.jpg\",\"contentUrl\":\"https:\\\/\\\/piensosalonso.net\\\/wp-content\\\/uploads\\\/2023\\\/05\\\/Farmer256px.jpg\"},{\"@type\":\"BreadcrumbList\",\"@id\":\"https:\\\/\\\/piensosalonso.net\\\/servicio\\\/#breadcrumb\",\"itemListElement\":[{\"@type\":\"ListItem\",\"position\":1,\"name\":\"Portada\",\"item\":\"https:\\\/\\\/piensosalonso.net\\\/\"},{\"@type\":\"ListItem\",\"position\":2,\"name\":\"Servicio\"}]},{\"@type\":\"WebSite\",\"@id\":\"https:\\\/\\\/piensosalonso.net\\\/#website\",\"url\":\"https:\\\/\\\/piensosalonso.net\\\/\",\"name\":\"Pienso Alonso\",\"description\":\"Menor precio para mayor calidad\",\"publisher\":{\"@id\":\"https:\\\/\\\/piensosalonso.net\\\/#organization\"},\"potentialAction\":[{\"@type\":\"SearchAction\",\"target\":{\"@type\":\"EntryPoint\",\"urlTemplate\":\"https:\\\/\\\/piensosalonso.net\\\/?s={search_term_string}\"},\"query-input\":{\"@type\":\"PropertyValueSpecification\",\"valueRequired\":true,\"valueName\":\"search_term_string\"}}],\"inLanguage\":\"pt-PT\"},{\"@type\":\"Organization\",\"@id\":\"https:\\\/\\\/piensosalonso.net\\\/#organization\",\"name\":\"Pienso Alonso\",\"url\":\"https:\\\/\\\/piensosalonso.net\\\/\",\"logo\":{\"@type\":\"ImageObject\",\"inLanguage\":\"pt-PT\",\"@id\":\"https:\\\/\\\/piensosalonso.net\\\/#\\\/schema\\\/logo\\\/image\\\/\",\"url\":\"https:\\\/\\\/piensosalonso.net\\\/wp-content\\\/uploads\\\/2023\\\/05\\\/cropped-logo-piensos-alonso-1.png\",\"contentUrl\":\"https:\\\/\\\/piensosalonso.net\\\/wp-content\\\/uploads\\\/2023\\\/05\\\/cropped-logo-piensos-alonso-1.png\",\"width\":1080,\"height\":540,\"caption\":\"Pienso Alonso\"},\"image\":{\"@id\":\"https:\\\/\\\/piensosalonso.net\\\/#\\\/schema\\\/logo\\\/image\\\/\"}}]}<\/script>\n<!-- \/ Yoast SEO plugin. -->","yoast_head_json":{"title":"Servicio - Pienso Alonso","robots":{"index":"index","follow":"follow","max-snippet":"max-snippet:-1","max-image-preview":"max-image-preview:large","max-video-preview":"max-video-preview:-1"},"canonical":"https:\/\/piensosalonso.net\/pt\/servicio\/","og_locale":"pt_PT","og_type":"article","og_title":"Servicio - Pienso Alonso","og_description":"Productos Conoce nuestrosarticulos Abono y pienso son elementos esenciales para la agricultura,\u00a0 alimentaci\u00f3n y cuidado de los animales.\u00a0 El abono fertiliza la tierra para el crecimiento de cultivos que sirven como alimento para los animales. El pienso es una mezcla de cereales, prote\u00ednas, minerales y vitaminas necesarias para el crecimiento y la salud animal. Cada [&hellip;]","og_url":"https:\/\/piensosalonso.net\/pt\/servicio\/","og_site_name":"Pienso Alonso","article_modified_time":"2023-06-08T10:11:06+00:00","og_image":[{"url":"https:\/\/piensosalonso.net\/wp-content\/uploads\/2023\/05\/Farmer256px.jpg","type":"","width":"","height":""}],"twitter_card":"summary_large_image","twitter_misc":{"Tempo estimado de leitura":"2 minutos"},"schema":{"@context":"https:\/\/schema.org","@graph":[{"@type":"WebPage","@id":"https:\/\/piensosalonso.net\/servicio\/","url":"https:\/\/piensosalonso.net\/servicio\/","name":"Servicio - Pienso Alonso","isPartOf":{"@id":"https:\/\/piensosalonso.net\/#website"},"primaryImageOfPage":{"@id":"https:\/\/piensosalonso.net\/servicio\/#primaryimage"},"image":{"@id":"https:\/\/piensosalonso.net\/servicio\/#primaryimage"},"thumbnailUrl":"https:\/\/piensosalonso.net\/wp-content\/uploads\/2023\/05\/Farmer256px.jpg","datePublished":"2023-05-31T12:02:22+00:00","dateModified":"2023-06-08T10:11:06+00:00","breadcrumb":{"@id":"https:\/\/piensosalonso.net\/servicio\/#breadcrumb"},"inLanguage":"pt-PT","potentialAction":[{"@type":"ReadAction","target":["https:\/\/piensosalonso.net\/servicio\/"]}]},{"@type":"ImageObject","inLanguage":"pt-PT","@id":"https:\/\/piensosalonso.net\/servicio\/#primaryimage","url":"https:\/\/piensosalonso.net\/wp-content\/uploads\/2023\/05\/Farmer256px.jpg","contentUrl":"https:\/\/piensosalonso.net\/wp-content\/uploads\/2023\/05\/Farmer256px.jpg"},{"@type":"BreadcrumbList","@id":"https:\/\/piensosalonso.net\/servicio\/#breadcrumb","itemListElement":[{"@type":"ListItem","position":1,"name":"Portada","item":"https:\/\/piensosalonso.net\/"},{"@type":"ListItem","position":2,"name":"Servicio"}]},{"@type":"WebSite","@id":"https:\/\/piensosalonso.net\/#website","url":"https:\/\/piensosalonso.net\/","name":"Pienso Alonso","description":"Menor precio para mayor calidad","publisher":{"@id":"https:\/\/piensosalonso.net\/#organization"},"potentialAction":[{"@type":"SearchAction","target":{"@type":"EntryPoint","urlTemplate":"https:\/\/piensosalonso.net\/?s={search_term_string}"},"query-input":{"@type":"PropertyValueSpecification","valueRequired":true,"valueName":"search_term_string"}}],"inLanguage":"pt-PT"},{"@type":"Organization","@id":"https:\/\/piensosalonso.net\/#organization","name":"Pienso Alonso","url":"https:\/\/piensosalonso.net\/","logo":{"@type":"ImageObject","inLanguage":"pt-PT","@id":"https:\/\/piensosalonso.net\/#\/schema\/logo\/image\/","url":"https:\/\/piensosalonso.net\/wp-content\/uploads\/2023\/05\/cropped-logo-piensos-alonso-1.png","contentUrl":"https:\/\/piensosalonso.net\/wp-content\/uploads\/2023\/05\/cropped-logo-piensos-alonso-1.png","width":1080,"height":540,"caption":"Pienso Alonso"},"image":{"@id":"https:\/\/piensosalonso.net\/#\/schema\/logo\/image\/"}}]}},"jetpack_sharing_enabled":true,"_links":{"self":[{"href":"https:\/\/piensosalonso.net\/pt\/wp-json\/wp\/v2\/pages\/8","targetHints":{"allow":["GET"]}}],"collection":[{"href":"https:\/\/piensosalonso.net\/pt\/wp-json\/wp\/v2\/pages"}],"about":[{"href":"https:\/\/piensosalonso.net\/pt\/wp-json\/wp\/v2\/types\/page"}],"author":[{"embeddable":true,"href":"https:\/\/piensosalonso.net\/pt\/wp-json\/wp\/v2\/users\/1"}],"replies":[{"embeddable":true,"href":"https:\/\/piensosalonso.net\/pt\/wp-json\/wp\/v2\/comments?post=8"}],"version-history":[{"count":106,"href":"https:\/\/piensosalonso.net\/pt\/wp-json\/wp\/v2\/pages\/8\/revisions"}],"predecessor-version":[{"id":967,"href":"https:\/\/piensosalonso.net\/pt\/wp-json\/wp\/v2\/pages\/8\/revisions\/967"}],"wp:attachment":[{"href":"https:\/\/piensosalonso.net\/pt\/wp-json\/wp\/v2\/media?parent=8"}],"curies":[{"name":"wp","href":"https:\/\/api.w.org\/{rel}","templated":true}]}}