{"id":12,"date":"2023-05-31T12:03:51","date_gmt":"2023-05-31T12:03:51","guid":{"rendered":"https:\/\/web.rkinformatika.net\/piensoalonso\/?page_id=12"},"modified":"2023-06-08T08:24:15","modified_gmt":"2023-06-08T08:24:15","slug":"contacto","status":"publish","type":"page","link":"https:\/\/piensosalonso.net\/pt\/contacto\/","title":{"rendered":"Contato"},"content":{"rendered":"<div data-elementor-type=\"wp-page\" data-elementor-id=\"12\" class=\"elementor elementor-12\" data-elementor-post-type=\"page\">\n\t\t\t\t\t\t<section class=\"elementor-section elementor-top-section elementor-element elementor-element-75fe9270 elementor-section-full_width elementor-section-items-stretch elementor-section-stretched elementor-section-height-min-height elementor-section-height-default\" data-id=\"75fe9270\" data-element_type=\"section\" data-e-type=\"section\" data-settings=\"{&quot;stretch_section&quot;:&quot;section-stretched&quot;,&quot;background_background&quot;:&quot;slideshow&quot;,&quot;background_slideshow_gallery&quot;:[],&quot;background_slideshow_loop&quot;:&quot;yes&quot;,&quot;background_slideshow_slide_duration&quot;:5000,&quot;background_slideshow_slide_transition&quot;:&quot;fade&quot;,&quot;background_slideshow_transition_duration&quot;:500}\">\n\t\t\t\t\t\t\t<div class=\"elementor-background-overlay\"><\/div>\n\t\t\t\t\t\t\t<div class=\"elementor-container elementor-column-gap-default\">\n\t\t\t\t\t<div class=\"elementor-column elementor-col-100 elementor-top-column elementor-element elementor-element-12204c7\" data-id=\"12204c7\" data-element_type=\"column\" data-e-type=\"column\" data-settings=\"{&quot;background_background&quot;:&quot;gradient&quot;}\">\n\t\t\t<div class=\"elementor-widget-wrap elementor-element-populated\">\n\t\t\t\t\t<div class=\"elementor-background-overlay\"><\/div>\n\t\t\t\t\t\t<section class=\"elementor-section elementor-inner-section elementor-element elementor-element-920954e elementor-section-boxed elementor-section-height-default elementor-section-height-default\" data-id=\"920954e\" data-element_type=\"section\" data-e-type=\"section\">\n\t\t\t\t\t\t<div class=\"elementor-container elementor-column-gap-default\">\n\t\t\t\t\t<div class=\"elementor-column elementor-col-50 elementor-inner-column elementor-element elementor-element-ccb09b1\" data-id=\"ccb09b1\" data-element_type=\"column\" data-e-type=\"column\">\n\t\t\t<div class=\"elementor-widget-wrap elementor-element-populated\">\n\t\t\t\t\t\t<div class=\"elementor-element elementor-element-7c898202 elementor-widget elementor-widget-image\" data-id=\"7c898202\" data-element_type=\"widget\" data-e-type=\"widget\" data-widget_type=\"image.default\">\n\t\t\t\t<div class=\"elementor-widget-container\">\n\t\t\t\t\t\t\t\t\t\t\t\t\t\t\t<img fetchpriority=\"high\" decoding=\"async\" width=\"700\" height=\"700\" src=\"https:\/\/piensosalonso.net\/wp-content\/uploads\/2023\/06\/sunny-morning-on-the-rural-farm-P5BRYDX-1.jpg\" class=\"attachment-full size-full wp-image-248\" alt=\"\" srcset=\"https:\/\/piensosalonso.net\/wp-content\/uploads\/2023\/06\/sunny-morning-on-the-rural-farm-P5BRYDX-1.jpg 700w, https:\/\/piensosalonso.net\/wp-content\/uploads\/2023\/06\/sunny-morning-on-the-rural-farm-P5BRYDX-1-300x300.jpg 300w, https:\/\/piensosalonso.net\/wp-content\/uploads\/2023\/06\/sunny-morning-on-the-rural-farm-P5BRYDX-1-150x150.jpg 150w\" sizes=\"(max-width: 700px) 100vw, 700px\" \/>\t\t\t\t\t\t\t\t\t\t\t\t\t\t\t<\/div>\n\t\t\t\t<\/div>\n\t\t\t\t\t<\/div>\n\t\t<\/div>\n\t\t\t\t<div class=\"elementor-column elementor-col-50 elementor-inner-column elementor-element elementor-element-d63c5ae\" data-id=\"d63c5ae\" data-element_type=\"column\" data-e-type=\"column\">\n\t\t\t<div class=\"elementor-widget-wrap elementor-element-populated\">\n\t\t\t\t\t\t<div class=\"elementor-element elementor-element-7fe0a435 elementor-widget elementor-widget-heading\" data-id=\"7fe0a435\" data-element_type=\"widget\" data-e-type=\"widget\" data-widget_type=\"heading.default\">\n\t\t\t\t<div class=\"elementor-widget-container\">\n\t\t\t\t\t<p class=\"elementor-heading-title elementor-size-default\">Para m\u00e1s informaci\u00f3n<\/p>\t\t\t\t<\/div>\n\t\t\t\t<\/div>\n\t\t\t\t<div class=\"elementor-element elementor-element-75002652 elementor-widget elementor-widget-heading\" data-id=\"75002652\" data-element_type=\"widget\" data-e-type=\"widget\" data-widget_type=\"heading.default\">\n\t\t\t\t<div class=\"elementor-widget-container\">\n\t\t\t\t\t<h1 class=\"elementor-heading-title elementor-size-default\">Cant\u00e1ctanos<\/h1>\t\t\t\t<\/div>\n\t\t\t\t<\/div>\n\t\t\t\t<div class=\"elementor-element elementor-element-ffac016 elementor-widget__width-initial elementor-widget-tablet__width-initial elementor-widget-mobile__width-initial elementor-icon-list--layout-traditional elementor-list-item-link-full_width elementor-widget elementor-widget-icon-list\" data-id=\"ffac016\" data-element_type=\"widget\" data-e-type=\"widget\" data-widget_type=\"icon-list.default\">\n\t\t\t\t<div class=\"elementor-widget-container\">\n\t\t\t\t\t\t\t<ul class=\"elementor-icon-list-items\">\n\t\t\t\t\t\t\t<li class=\"elementor-icon-list-item\">\n\t\t\t\t\t\t\t\t\t\t\t<span class=\"elementor-icon-list-icon\">\n\t\t\t\t\t\t\t<i aria-hidden=\"true\" class=\"icon icon-phone1\"><\/i>\t\t\t\t\t\t<\/span>\n\t\t\t\t\t\t\t\t\t\t<span class=\"elementor-icon-list-text\">+34 946 25 07 83<\/span>\n\t\t\t\t\t\t\t\t\t<\/li>\n\t\t\t\t\t\t<\/ul>\n\t\t\t\t\t\t<\/div>\n\t\t\t\t<\/div>\n\t\t\t\t<div class=\"elementor-element elementor-element-b9e7717 elementor-widget__width-initial elementor-widget-tablet__width-initial elementor-widget-mobile__width-initial elementor-icon-list--layout-traditional elementor-list-item-link-full_width elementor-widget elementor-widget-icon-list\" data-id=\"b9e7717\" data-element_type=\"widget\" data-e-type=\"widget\" data-widget_type=\"icon-list.default\">\n\t\t\t\t<div class=\"elementor-widget-container\">\n\t\t\t\t\t\t\t<ul class=\"elementor-icon-list-items\">\n\t\t\t\t\t\t\t<li class=\"elementor-icon-list-item\">\n\t\t\t\t\t\t\t\t\t\t\t<span class=\"elementor-icon-list-icon\">\n\t\t\t\t\t\t\t<i aria-hidden=\"true\" class=\"icon icon-email\"><\/i>\t\t\t\t\t\t<\/span>\n\t\t\t\t\t\t\t\t\t\t<span class=\"elementor-icon-list-text\">piensosalonso@webrk.net<\/span>\n\t\t\t\t\t\t\t\t\t<\/li>\n\t\t\t\t\t\t<\/ul>\n\t\t\t\t\t\t<\/div>\n\t\t\t\t<\/div>\n\t\t\t\t<div class=\"elementor-element elementor-element-54025317 elementor-widget elementor-widget-heading\" data-id=\"54025317\" data-element_type=\"widget\" data-e-type=\"widget\" data-widget_type=\"heading.default\">\n\t\t\t\t<div class=\"elementor-widget-container\">\n\t\t\t\t\t<h2 class=\"elementor-heading-title elementor-size-default\">Horarios<\/h2>\t\t\t\t<\/div>\n\t\t\t\t<\/div>\n\t\t\t\t<div class=\"elementor-element elementor-element-2a8938ab elementor-widget elementor-widget-text-editor\" data-id=\"2a8938ab\" data-element_type=\"widget\" data-e-type=\"widget\" data-settings=\"{&quot;_animation&quot;:&quot;none&quot;}\" data-widget_type=\"text-editor.default\">\n\t\t\t\t<div class=\"elementor-widget-container\">\n\t\t\t\t\t\t\t\t\t<p class=\"\"><strong>Ma\u00f1ana de Lunes a Viernes\u00a0 &#8211; 8:15 a 13:15\u00a0<\/strong><\/p><p class=\"\"><strong>Tarde de Lunes a Viernes\u00a0 &#8211; 15:30 a 19:00\u00a0<\/strong><\/p><p class=\"\"><strong>S\u00e1bados<\/strong> <strong>&#8211; 9:00 a 13:00\u00a0<\/strong><\/p>\t\t\t\t\t\t\t\t<\/div>\n\t\t\t\t<\/div>\n\t\t\t\t\t<\/div>\n\t\t<\/div>\n\t\t\t\t\t<\/div>\n\t\t<\/section>\n\t\t\t\t\t<\/div>\n\t\t<\/div>\n\t\t\t\t\t<\/div>\n\t\t<\/section>\n\t\t\t\t<section class=\"elementor-section elementor-top-section elementor-element elementor-element-03e18ab elementor-section-full_width elementor-section-height-default elementor-section-height-default\" data-id=\"03e18ab\" data-element_type=\"section\" data-e-type=\"section\">\n\t\t\t\t\t\t<div class=\"elementor-container elementor-column-gap-default\">\n\t\t\t\t\t<div class=\"elementor-column elementor-col-100 elementor-top-column elementor-element elementor-element-06e1d13\" data-id=\"06e1d13\" data-element_type=\"column\" data-e-type=\"column\">\n\t\t\t<div class=\"elementor-widget-wrap elementor-element-populated\">\n\t\t\t\t\t\t<div class=\"elementor-element elementor-element-80c5e7c elementor-widget elementor-widget-google_maps\" data-id=\"80c5e7c\" data-element_type=\"widget\" data-e-type=\"widget\" data-widget_type=\"google_maps.default\">\n\t\t\t\t<div class=\"elementor-widget-container\">\n\t\t\t\t\t\t\t<div class=\"elementor-custom-embed\">\n\t\t\t<iframe loading=\"lazy\"\n\t\t\t\t\tsrc=\"https:\/\/maps.google.com\/maps?q=Ibarra%20Kalea%2C%2010%2C%2048300%20Gernika-Lumo%2C%20Bizkaia&#038;t=m&#038;z=14&#038;output=embed&#038;iwloc=near\"\n\t\t\t\t\ttitle=\"Ibarra Kalea, 10, 48300 Gernika-Lumo, Bizkaia\"\n\t\t\t\t\taria-label=\"Ibarra Kalea, 10, 48300 Gernika-Lumo, Bizkaia\"\n\t\t\t><\/iframe>\n\t\t<\/div>\n\t\t\t\t\t\t<\/div>\n\t\t\t\t<\/div>\n\t\t\t\t\t<\/div>\n\t\t<\/div>\n\t\t\t\t\t<\/div>\n\t\t<\/section>\n\t\t\t\t<\/div>","protected":false},"excerpt":{"rendered":"<p>Para m\u00e1s informaci\u00f3n Cant\u00e1ctanos +34 946 25 07 83 piensosalonso@webrk.net Horarios Ma\u00f1ana de Lunes a Viernes\u00a0 &#8211; 8:15 a 13:15\u00a0 Tarde de Lunes a Viernes\u00a0 &#8211; 15:30 a 19:00\u00a0 S\u00e1bados &#8211; 9:00 a 13:00\u00a0<\/p>","protected":false},"author":1,"featured_media":0,"parent":0,"menu_order":0,"comment_status":"closed","ping_status":"closed","template":"elementor_canvas","meta":{"footnotes":""},"class_list":["post-12","page","type-page","status-publish","hentry"],"yoast_head":"<!-- This site is optimized with the Yoast SEO plugin v27.4 - https:\/\/yoast.com\/product\/yoast-seo-wordpress\/ -->\n<title>Contacto - Pienso Alonso<\/title>\n<meta name=\"robots\" content=\"index, follow, max-snippet:-1, max-image-preview:large, max-video-preview:-1\" \/>\n<link rel=\"canonical\" href=\"https:\/\/piensosalonso.net\/pt\/contacto\/\" \/>\n<meta property=\"og:locale\" content=\"pt_PT\" \/>\n<meta property=\"og:type\" content=\"article\" \/>\n<meta property=\"og:title\" content=\"Contacto - Pienso Alonso\" \/>\n<meta property=\"og:description\" content=\"Para m\u00e1s informaci\u00f3n Cant\u00e1ctanos +34 946 25 07 83 piensosalonso@webrk.net Horarios Ma\u00f1ana de Lunes a Viernes\u00a0 &#8211; 8:15 a 13:15\u00a0 Tarde de Lunes a Viernes\u00a0 &#8211; 15:30 a 19:00\u00a0 S\u00e1bados &#8211; 9:00 a 13:00\u00a0\" \/>\n<meta property=\"og:url\" content=\"https:\/\/piensosalonso.net\/pt\/contacto\/\" \/>\n<meta property=\"og:site_name\" content=\"Pienso Alonso\" \/>\n<meta property=\"article:modified_time\" content=\"2023-06-08T08:24:15+00:00\" \/>\n<meta property=\"og:image\" content=\"https:\/\/piensosalonso.net\/wp-content\/uploads\/2023\/06\/sunny-morning-on-the-rural-farm-P5BRYDX-1.jpg\" \/>\n<meta name=\"twitter:card\" content=\"summary_large_image\" \/>\n<meta name=\"twitter:label1\" content=\"Tempo estimado de leitura\" \/>\n\t<meta name=\"twitter:data1\" content=\"1 minuto\" \/>\n<script type=\"application\/ld+json\" class=\"yoast-schema-graph\">{\"@context\":\"https:\\\/\\\/schema.org\",\"@graph\":[{\"@type\":\"WebPage\",\"@id\":\"https:\\\/\\\/piensosalonso.net\\\/contacto\\\/\",\"url\":\"https:\\\/\\\/piensosalonso.net\\\/contacto\\\/\",\"name\":\"Contacto - Pienso Alonso\",\"isPartOf\":{\"@id\":\"https:\\\/\\\/piensosalonso.net\\\/#website\"},\"primaryImageOfPage\":{\"@id\":\"https:\\\/\\\/piensosalonso.net\\\/contacto\\\/#primaryimage\"},\"image\":{\"@id\":\"https:\\\/\\\/piensosalonso.net\\\/contacto\\\/#primaryimage\"},\"thumbnailUrl\":\"https:\\\/\\\/piensosalonso.net\\\/wp-content\\\/uploads\\\/2023\\\/06\\\/sunny-morning-on-the-rural-farm-P5BRYDX-1.jpg\",\"datePublished\":\"2023-05-31T12:03:51+00:00\",\"dateModified\":\"2023-06-08T08:24:15+00:00\",\"breadcrumb\":{\"@id\":\"https:\\\/\\\/piensosalonso.net\\\/contacto\\\/#breadcrumb\"},\"inLanguage\":\"pt-PT\",\"potentialAction\":[{\"@type\":\"ReadAction\",\"target\":[\"https:\\\/\\\/piensosalonso.net\\\/contacto\\\/\"]}]},{\"@type\":\"ImageObject\",\"inLanguage\":\"pt-PT\",\"@id\":\"https:\\\/\\\/piensosalonso.net\\\/contacto\\\/#primaryimage\",\"url\":\"https:\\\/\\\/piensosalonso.net\\\/wp-content\\\/uploads\\\/2023\\\/06\\\/sunny-morning-on-the-rural-farm-P5BRYDX-1.jpg\",\"contentUrl\":\"https:\\\/\\\/piensosalonso.net\\\/wp-content\\\/uploads\\\/2023\\\/06\\\/sunny-morning-on-the-rural-farm-P5BRYDX-1.jpg\"},{\"@type\":\"BreadcrumbList\",\"@id\":\"https:\\\/\\\/piensosalonso.net\\\/contacto\\\/#breadcrumb\",\"itemListElement\":[{\"@type\":\"ListItem\",\"position\":1,\"name\":\"Portada\",\"item\":\"https:\\\/\\\/piensosalonso.net\\\/\"},{\"@type\":\"ListItem\",\"position\":2,\"name\":\"Contacto\"}]},{\"@type\":\"WebSite\",\"@id\":\"https:\\\/\\\/piensosalonso.net\\\/#website\",\"url\":\"https:\\\/\\\/piensosalonso.net\\\/\",\"name\":\"Pienso Alonso\",\"description\":\"Menor precio para mayor calidad\",\"publisher\":{\"@id\":\"https:\\\/\\\/piensosalonso.net\\\/#organization\"},\"potentialAction\":[{\"@type\":\"SearchAction\",\"target\":{\"@type\":\"EntryPoint\",\"urlTemplate\":\"https:\\\/\\\/piensosalonso.net\\\/?s={search_term_string}\"},\"query-input\":{\"@type\":\"PropertyValueSpecification\",\"valueRequired\":true,\"valueName\":\"search_term_string\"}}],\"inLanguage\":\"pt-PT\"},{\"@type\":\"Organization\",\"@id\":\"https:\\\/\\\/piensosalonso.net\\\/#organization\",\"name\":\"Pienso Alonso\",\"url\":\"https:\\\/\\\/piensosalonso.net\\\/\",\"logo\":{\"@type\":\"ImageObject\",\"inLanguage\":\"pt-PT\",\"@id\":\"https:\\\/\\\/piensosalonso.net\\\/#\\\/schema\\\/logo\\\/image\\\/\",\"url\":\"https:\\\/\\\/piensosalonso.net\\\/wp-content\\\/uploads\\\/2023\\\/05\\\/cropped-logo-piensos-alonso-1.png\",\"contentUrl\":\"https:\\\/\\\/piensosalonso.net\\\/wp-content\\\/uploads\\\/2023\\\/05\\\/cropped-logo-piensos-alonso-1.png\",\"width\":1080,\"height\":540,\"caption\":\"Pienso Alonso\"},\"image\":{\"@id\":\"https:\\\/\\\/piensosalonso.net\\\/#\\\/schema\\\/logo\\\/image\\\/\"}}]}<\/script>\n<!-- \/ Yoast SEO plugin. -->","yoast_head_json":{"title":"Contacto - Pienso Alonso","robots":{"index":"index","follow":"follow","max-snippet":"max-snippet:-1","max-image-preview":"max-image-preview:large","max-video-preview":"max-video-preview:-1"},"canonical":"https:\/\/piensosalonso.net\/pt\/contacto\/","og_locale":"pt_PT","og_type":"article","og_title":"Contacto - Pienso Alonso","og_description":"Para m\u00e1s informaci\u00f3n Cant\u00e1ctanos +34 946 25 07 83 piensosalonso@webrk.net Horarios Ma\u00f1ana de Lunes a Viernes\u00a0 &#8211; 8:15 a 13:15\u00a0 Tarde de Lunes a Viernes\u00a0 &#8211; 15:30 a 19:00\u00a0 S\u00e1bados &#8211; 9:00 a 13:00\u00a0","og_url":"https:\/\/piensosalonso.net\/pt\/contacto\/","og_site_name":"Pienso Alonso","article_modified_time":"2023-06-08T08:24:15+00:00","og_image":[{"url":"https:\/\/piensosalonso.net\/wp-content\/uploads\/2023\/06\/sunny-morning-on-the-rural-farm-P5BRYDX-1.jpg","type":"","width":"","height":""}],"twitter_card":"summary_large_image","twitter_misc":{"Tempo estimado de leitura":"1 minuto"},"schema":{"@context":"https:\/\/schema.org","@graph":[{"@type":"WebPage","@id":"https:\/\/piensosalonso.net\/contacto\/","url":"https:\/\/piensosalonso.net\/contacto\/","name":"Contacto - Pienso Alonso","isPartOf":{"@id":"https:\/\/piensosalonso.net\/#website"},"primaryImageOfPage":{"@id":"https:\/\/piensosalonso.net\/contacto\/#primaryimage"},"image":{"@id":"https:\/\/piensosalonso.net\/contacto\/#primaryimage"},"thumbnailUrl":"https:\/\/piensosalonso.net\/wp-content\/uploads\/2023\/06\/sunny-morning-on-the-rural-farm-P5BRYDX-1.jpg","datePublished":"2023-05-31T12:03:51+00:00","dateModified":"2023-06-08T08:24:15+00:00","breadcrumb":{"@id":"https:\/\/piensosalonso.net\/contacto\/#breadcrumb"},"inLanguage":"pt-PT","potentialAction":[{"@type":"ReadAction","target":["https:\/\/piensosalonso.net\/contacto\/"]}]},{"@type":"ImageObject","inLanguage":"pt-PT","@id":"https:\/\/piensosalonso.net\/contacto\/#primaryimage","url":"https:\/\/piensosalonso.net\/wp-content\/uploads\/2023\/06\/sunny-morning-on-the-rural-farm-P5BRYDX-1.jpg","contentUrl":"https:\/\/piensosalonso.net\/wp-content\/uploads\/2023\/06\/sunny-morning-on-the-rural-farm-P5BRYDX-1.jpg"},{"@type":"BreadcrumbList","@id":"https:\/\/piensosalonso.net\/contacto\/#breadcrumb","itemListElement":[{"@type":"ListItem","position":1,"name":"Portada","item":"https:\/\/piensosalonso.net\/"},{"@type":"ListItem","position":2,"name":"Contacto"}]},{"@type":"WebSite","@id":"https:\/\/piensosalonso.net\/#website","url":"https:\/\/piensosalonso.net\/","name":"Pienso Alonso","description":"Menor precio para mayor calidad","publisher":{"@id":"https:\/\/piensosalonso.net\/#organization"},"potentialAction":[{"@type":"SearchAction","target":{"@type":"EntryPoint","urlTemplate":"https:\/\/piensosalonso.net\/?s={search_term_string}"},"query-input":{"@type":"PropertyValueSpecification","valueRequired":true,"valueName":"search_term_string"}}],"inLanguage":"pt-PT"},{"@type":"Organization","@id":"https:\/\/piensosalonso.net\/#organization","name":"Pienso Alonso","url":"https:\/\/piensosalonso.net\/","logo":{"@type":"ImageObject","inLanguage":"pt-PT","@id":"https:\/\/piensosalonso.net\/#\/schema\/logo\/image\/","url":"https:\/\/piensosalonso.net\/wp-content\/uploads\/2023\/05\/cropped-logo-piensos-alonso-1.png","contentUrl":"https:\/\/piensosalonso.net\/wp-content\/uploads\/2023\/05\/cropped-logo-piensos-alonso-1.png","width":1080,"height":540,"caption":"Pienso Alonso"},"image":{"@id":"https:\/\/piensosalonso.net\/#\/schema\/logo\/image\/"}}]}},"jetpack_sharing_enabled":true,"_links":{"self":[{"href":"https:\/\/piensosalonso.net\/pt\/wp-json\/wp\/v2\/pages\/12","targetHints":{"allow":["GET"]}}],"collection":[{"href":"https:\/\/piensosalonso.net\/pt\/wp-json\/wp\/v2\/pages"}],"about":[{"href":"https:\/\/piensosalonso.net\/pt\/wp-json\/wp\/v2\/types\/page"}],"author":[{"embeddable":true,"href":"https:\/\/piensosalonso.net\/pt\/wp-json\/wp\/v2\/users\/1"}],"replies":[{"embeddable":true,"href":"https:\/\/piensosalonso.net\/pt\/wp-json\/wp\/v2\/comments?post=12"}],"version-history":[{"count":73,"href":"https:\/\/piensosalonso.net\/pt\/wp-json\/wp\/v2\/pages\/12\/revisions"}],"predecessor-version":[{"id":887,"href":"https:\/\/piensosalonso.net\/pt\/wp-json\/wp\/v2\/pages\/12\/revisions\/887"}],"wp:attachment":[{"href":"https:\/\/piensosalonso.net\/pt\/wp-json\/wp\/v2\/media?parent=12"}],"curies":[{"name":"wp","href":"https:\/\/api.w.org\/{rel}","templated":true}]}}